{"id":33792,"date":"2024-06-07T14:10:41","date_gmt":"2024-06-07T12:10:41","guid":{"rendered":"https:\/\/www.westcam-group.com\/poptavka\/"},"modified":"2025-02-25T15:04:41","modified_gmt":"2025-02-25T14:04:41","slug":"poptavka","status":"publish","type":"page","link":"https:\/\/www.westcam-group.com\/cs\/poptavka\/","title":{"rendered":"Popt\u00e1vka"},"content":{"rendered":"\n<div style=\"background-image:url(&apos;https:\/\/www.westcam-group.com\/wp-content\/uploads\/2024\/03\/bggrid.webp&apos;);background-position:46% 78%;background-repeat:no-repeat;background-size:50vw;\" class=\"wp-block-webx-blocks-westcam-hero alignfull ltr has-background\"><div class=\"hero-image\" style=\"--aspect-ratio:4 \/ 3\"> <img decoding=\"async\" srcset=\"https:\/\/www.westcam-group.com\/wp-content\/uploads\/2024\/11\/westcam-customer-care-150x150.avif 150w, https:\/\/www.westcam-group.com\/wp-content\/uploads\/2024\/11\/westcam-customer-care-300x200.avif 300w, https:\/\/www.westcam-group.com\/wp-content\/uploads\/2024\/11\/westcam-customer-care-1024x683.avif 1024w, https:\/\/www.westcam-group.com\/wp-content\/uploads\/2024\/11\/westcam-customer-care.avif 1620w, https:\/\/www.westcam-group.com\/wp-content\/uploads\/2024\/11\/westcam-customer-care-1536x1024.avif 1536w, https:\/\/www.westcam-group.com\/wp-content\/uploads\/2024\/11\/westcam-customer-care-1350x900.avif 1350w, https:\/\/www.westcam-group.com\/wp-content\/uploads\/2024\/11\/westcam-customer-care-900x600.avif 900w\" src=\"https:\/\/www.westcam-group.com\/wp-content\/uploads\/2024\/11\/westcam-customer-care.avif\" alt=\"\"\/><\/div><div class=\"hero-placeholder\"><\/div>\n<div class=\"wp-block-webx-blocks-westcam-hero-content hero-content\">\n<div class=\"wp-block-webx-blocks-fake-heading heading-h4 hero-subtitle is-style-westcamized\" style=\"text-transform:none\">Informa\u010dn\u00ed slu\u017eba spole\u010dnosti WESTCAM<\/div>\n\n\n\n<h1 class=\"wp-block-heading hero-title\" style=\"margin-top:var(--wp--preset--spacing--10);margin-bottom:var(--wp--preset--spacing--10);padding-top:0;padding-right:0;padding-bottom:0;padding-left:0;font-size:clamp(2.418rem, 2.418rem + ((1vw - 0.2rem) * 2.251), 4.5rem);\">V\u00e1\u0161 dotaz<\/h1>\n\n\n\n<h2 class=\"wp-block-heading\">Jsme tu pro v\u00e1s r\u00e1di<\/h2>\n\n\n\n<p><\/p>\n\n\n\n<p>M\u00e1te n\u011bjak\u00e9 dotazy, n\u00e1vrhy nebo se s n\u00e1mi prost\u011b chcete spojit? Kontaktujte n\u00e1s p\u0159\u00edmo nebo pou\u017eijte kontaktn\u00ed formul\u00e1\u0159: <\/p>\n\n\n\n<div class=\"wp-block-buttons is-layout-flex wp-block-buttons-is-layout-flex\">\n<div class=\"wp-block-button is-style-outline is-style-outline--1\"><a class=\"wp-block-button__link wp-element-button\" href=\"#formular\">K formul\u00e1\u0159i<\/a><\/div>\n<\/div>\n\n\n\n<div class=\"wp-block-webx-blocks-responsive-spacer\" style=\"--desktop-height:25px;--tablet-height:25px;--mobile-height:25px\"><\/div>\n<\/div>\n<\/div>\n\n<div style=\"height:100px\" aria-hidden=\"true\" class=\"wp-block-spacer\"><\/div>\n\n<h2 class=\"wp-block-heading\" id=\"formular\">Popt\u00e1vka<\/h2>\n\n<div class=\"wp-block-group has-contrast-background-color has-background has-global-padding is-layout-constrained wp-container-core-group-is-layout-c385debf wp-block-group-is-layout-constrained\" style=\"padding-top:var(--wp--preset--spacing--20);padding-right:var(--wp--preset--spacing--20);padding-bottom:var(--wp--preset--spacing--20);padding-left:var(--wp--preset--spacing--20)\"><p class=\"wpcf7-contact-form-not-found\"><strong>Chyba:<\/strong> Kontaktn\u00ed formul\u00e1\u0159 nebyl nalezen.<\/p>\n<\/div>\n\n<div style=\"height:100px\" aria-hidden=\"true\" class=\"wp-block-spacer\"><\/div>\n\n<div class=\"wp-block-group has-accent-2-background-color has-background has-global-padding is-layout-constrained wp-container-core-group-is-layout-228c4f6c wp-block-group-is-layout-constrained\" style=\"padding-top:var(--wp--preset--spacing--40);padding-right:0;padding-bottom:var(--wp--preset--spacing--40);padding-left:0;background-image:url(&apos;https:\/\/www.westcam-group.com\/wp-content\/uploads\/2024\/02\/background-1.svg&apos;);background-size:cover;\">\n<div class=\"wp-block-columns is-layout-flex wp-container-core-columns-is-layout-31eed3e2 wp-block-columns-is-layout-flex\" style=\"padding-top:0;padding-right:var(--wp--preset--spacing--50);padding-bottom:0;padding-left:var(--wp--preset--spacing--50)\">\n<div class=\"wp-block-column is-layout-flow wp-block-column-is-layout-flow\" style=\"flex-basis:50%\">\n<h4 class=\"wp-block-heading is-style-westcamized has-base-color has-text-color has-link-color wp-elements-7bc621a5b3d58e550f70d7956d6c7042\" style=\"text-transform:none\">M\u00e1te chu\u0165 na newsletter?<\/h4>\n\n\n\n<h2 class=\"wp-block-heading has-base-color has-text-color has-link-color has-x-large-font-size wp-elements-22821143e31138de873686145f98bc65\">WESTCAM NEWS<\/h2>\n\n\n\n<h5 class=\"wp-block-heading has-base-color has-text-color has-link-color wp-elements-c7525170d99731eb267f7b503e68c6e6\">V\u017edy v souladu s dobou<\/h5>\n<\/div>\n\n\n\n<div class=\"wp-block-column is-vertically-aligned-center is-layout-flow wp-block-column-is-layout-flow\" style=\"flex-basis:33%\">\n<p class=\"has-base-color has-text-color has-medium-font-size\">Chcete b\u00fdt v\u017edy aktu\u00e1ln\u00ed? S radost\u00ed!   <\/p>\n\n\n\n<p class=\"has-base-color has-text-color has-medium-font-size\">D\u00edky specifick\u00fdm <strong>zpr\u00e1v\u00e1m WESTCAM v\u00e1m <\/strong>neunikne \u017e\u00e1dn\u00e1 technick\u00e1 novinka.<\/p>\n<\/div>\n\n\n\n<div class=\"wp-block-column is-vertically-aligned-center is-layout-flow wp-block-column-is-layout-flow\" style=\"flex-basis:33%\">\n<div class=\"wp-block-buttons is-content-justification-center is-layout-flex wp-container-core-buttons-is-layout-37f65152 wp-block-buttons-is-layout-flex\" style=\"margin-top:var(--wp--preset--spacing--40);margin-bottom:var(--wp--preset--spacing--40)\">\n<div class=\"wp-block-button\"><a class=\"wp-block-button__link wp-element-button\" href=\"https:\/\/profile.apps.westcam.at\/signup\" target=\"_blank\" rel=\"noreferrer noopener\">K registraci<\/a><\/div>\n<\/div>\n<\/div>\n<\/div>\n<\/div>\n\n<div style=\"height:70px\" aria-hidden=\"true\" class=\"wp-block-spacer\"><\/div>\n\n<h4 class=\"wp-block-heading\">R\u00e1di jsme tu pro v\u00e1s<\/h4>\n<div class=\"wp-block-webx-blocks-westcam-employee-display\">\n    <div class=\"employee-image\">\n        <img decoding=\"async\" src=\"https:\/\/www.westcam-group.com\/wp-content\/uploads\/2024\/05\/marion-juen-westcam-300x300.jpg\" alt=Marion Juen \/>\n    <\/div>\n    <div class=\"employee-info\">\n        <div class=\"heading-h3\">Marion Juen<\/div>\n        <div class=\"heading-h5 is-style-westcamized\">Info-Service WETSTCAM Group<\/div>\n    <\/div>\n    <div class=\"employee-social\">\n        <div class=\"icons\">\n                        <a href=https:\/\/www.linkedin.com\/in\/marion-juen-690605163\/ title=\"Marion Juen on linkedIn\"\n                target=\"_blank\" rel=\"noopener noreferrer\">\n                <?xml version=\"1.0\" encoding=\"UTF-8\" standalone=\"no\"?>\n                <!DOCTYPE svg PUBLIC \"-\/\/W3C\/\/DTD SVG 1.1\/\/EN\" \"http:\/\/www.w3.org\/Graphics\/SVG\/1.1\/DTD\/svg11.dtd\"><svg\n                    width=\"100%\" height=\"100%\" viewBox=\"0 0 248 204\" version=\"1.1\" xmlns=\"http:\/\/www.w3.org\/2000\/svg\"\n                    xmlns:xlink=\"http:\/\/www.w3.org\/1999\/xlink\" xml:space=\"preserve\" xmlns:serif=\"http:\/\/www.serif.com\/\"\n                    style=\"fill-rule:evenodd;clip-rule:evenodd;stroke-linejoin:round;stroke-miterlimit:2;\">\n                    <path\n                        d=\"M226,204l-41.916,0l0,-71.392c0,-19.573 -7.437,-30.512 -22.93,-30.512c-16.854,0 -25.659,11.383 -25.659,30.512l-0,71.392l-40.395,0l-0,-136l40.395,-0l-0,18.319c-0,0 12.146,-22.474 41.006,-22.474c28.847,-0 49.499,17.616 49.499,54.048l0,86.107Zm-179.091,-153.808c-13.759,-0 -24.909,-11.237 -24.909,-25.096c0,-13.859 11.15,-25.096 24.909,-25.096c13.759,-0 24.902,11.237 24.902,25.096c0,13.859 -11.143,25.096 -24.902,25.096Zm-20.858,153.808l42.121,0l0,-136l-42.121,-0l-0,136Z\" \/>\n                <\/svg>\n            <\/a>\n                                    <a href=\"\/vcard\/33764\" title=\"Download vCard\"\n                class=\"vcard-button\">\n                <svg xmlns=\"http:\/\/www.w3.org\/2000\/svg\" width=\"32.143\" height=\"25\" viewBox=\"0 0 32.143 25\">\n                    <path id=\"address-card-solid\"\n                        d=\"M3.571,32A3.575,3.575,0,0,0,0,35.571V53.429A3.575,3.575,0,0,0,3.571,57h25a3.575,3.575,0,0,0,3.571-3.571V35.571A3.575,3.575,0,0,0,28.571,32ZM8.036,46.286h3.571a4.463,4.463,0,0,1,4.464,4.464.9.9,0,0,1-.893.893H4.464a.9.9,0,0,1-.893-.893A4.463,4.463,0,0,1,8.036,46.286ZM6.25,40.929A3.571,3.571,0,1,1,9.821,44.5,3.571,3.571,0,0,1,6.25,40.929Zm14.286-1.786h7.143a.893.893,0,0,1,0,1.786H20.536a.893.893,0,0,1,0-1.786Zm0,3.571h7.143a.893.893,0,0,1,0,1.786H20.536a.893.893,0,0,1,0-1.786Zm0,3.571h7.143a.893.893,0,0,1,0,1.786H20.536a.893.893,0,0,1,0-1.786Z\"\n                        transform=\"translate(0 -32)\" fill=\"#111\" \/>\n                <\/svg>\n            <\/a>\n        <\/div>\n    <\/div>\n    <div class=\"employee-contact\">\n                <a href=\"tel:+43 5223 55509 0\">\n            <div class=\" employee-phone\">\n                <svg xmlns=\"http:\/\/www.w3.org\/2000\/svg\" width=\"32\" height=\"32\" viewBox=\"0 0 32 32\">\n                    <path id=\"phone\"\n                        d=\"M6.529,4h7.059l3.529,8.824-4.412,2.647a19.412,19.412,0,0,0,8.824,8.824l2.647-4.412L33,23.412v7.059A3.529,3.529,0,0,1,29.471,34,28.235,28.235,0,0,1,3,7.529,3.529,3.529,0,0,1,6.529,4\"\n                        transform=\"translate(-2 -3)\" fill=\"none\" stroke=\"#111\" stroke-linecap=\"round\"\n                        stroke-linejoin=\"round\" stroke-width=\"2\" \/>\n                <\/svg>\n\n                +43 5223 55509 0\n            <\/div>\n        <\/a>\n                                <a href=\"mailto:info@westcam-group.com\">\n            <div class=\" employee-email\">\n                <svg xmlns=\"http:\/\/www.w3.org\/2000\/svg\" width=\"32.773\" height=\"25.333\" viewBox=\"0 0 32.773 25.333\">\n                    <g id=\"mail\" transform=\"translate(1.387 1)\">\n                        <rect id=\"Rechteck_11\" data-name=\"Rechteck 11\" width=\"30\" height=\"23.333\" rx=\"2\" fill=\"none\"\n                            stroke=\"#111\" stroke-linecap=\"round\" stroke-linejoin=\"round\" stroke-width=\"2\" \/>\n                        <path id=\"Pfad_100\" data-name=\"Pfad 100\" d=\"M3,7,18,17,33,7\" transform=\"translate(-3 -3.667)\"\n                            fill=\"none\" stroke=\"#111\" stroke-linecap=\"round\" stroke-linejoin=\"round\" stroke-width=\"2\" \/>\n                    <\/g>\n                <\/svg>\n                info@westcam-group.com\n            <\/div>\n        <\/a>\n        \n\n\n    <\/div>\n        <div class=\"employee-callback wp-block-button is-style-outline\">\n        <a href=\"\/anfrage\/\"\n            class=\"wp-block-button__link wp-element-button\">zeptat se<\/a>\n    <\/div>\n    <\/div>\n<div class=\"wp-block-webx-blocks-responsive-spacer\" style=\"--desktop-height:50px;--tablet-height:50px;--mobile-height:25px\"><\/div>\n","protected":false},"excerpt":{"rendered":"<p>Popt\u00e1vka M\u00e1te chu\u0165 na newsletter? WESTCAM NEWS V\u017edy v souladu s dobou Chcete b\u00fdt v\u017edy aktu\u00e1ln\u00ed? S radost\u00ed! D\u00edky specifick\u00fdm zpr\u00e1v\u00e1m WESTCAM v\u00e1m neunikne \u017e\u00e1dn\u00e1 technick\u00e1 novinka. R\u00e1di jsme tu pro v\u00e1s<\/p>\n","protected":false},"author":1,"featured_media":0,"parent":0,"menu_order":0,"comment_status":"closed","ping_status":"closed","template":"page-no-title","meta":{"content-type":"","footnotes":""},"class_list":["post-33792","page","type-page","status-publish","hentry"],"_links":{"self":[{"href":"https:\/\/www.westcam-group.com\/cs\/wp-json\/wp\/v2\/pages\/33792","targetHints":{"allow":["GET"]}}],"collection":[{"href":"https:\/\/www.westcam-group.com\/cs\/wp-json\/wp\/v2\/pages"}],"about":[{"href":"https:\/\/www.westcam-group.com\/cs\/wp-json\/wp\/v2\/types\/page"}],"author":[{"embeddable":true,"href":"https:\/\/www.westcam-group.com\/cs\/wp-json\/wp\/v2\/users\/1"}],"replies":[{"embeddable":true,"href":"https:\/\/www.westcam-group.com\/cs\/wp-json\/wp\/v2\/comments?post=33792"}],"version-history":[{"count":2,"href":"https:\/\/www.westcam-group.com\/cs\/wp-json\/wp\/v2\/pages\/33792\/revisions"}],"predecessor-version":[{"id":33798,"href":"https:\/\/www.westcam-group.com\/cs\/wp-json\/wp\/v2\/pages\/33792\/revisions\/33798"}],"wp:attachment":[{"href":"https:\/\/www.westcam-group.com\/cs\/wp-json\/wp\/v2\/media?parent=33792"}],"curies":[{"name":"wp","href":"https:\/\/api.w.org\/{rel}","templated":true}]}}