{"id":33713,"date":"2024-08-16T14:00:45","date_gmt":"2024-08-16T12:00:45","guid":{"rendered":"https:\/\/www.westcam-group.com\/cad-stavebnictvi-podpora\/"},"modified":"2025-02-25T15:06:28","modified_gmt":"2025-02-25T14:06:28","slug":"cad-stavebnictvi-podpora","status":"publish","type":"page","link":"https:\/\/www.westcam-group.com\/cs\/kontakt\/podpora-a-servis\/cad-stavebnictvi-podpora\/","title":{"rendered":"CAD, stavebnictv\u00ed &#8211; podpora"},"content":{"rendered":"\n<div class=\"wp-block-webx-blocks-westcam-product-hero alignfull has-background\" style=\"margin-top:0px;margin-bottom:var(--wp--preset--spacing--40);padding-right:0;padding-left:0;background-image:url(&apos;\/wp-content\/plugins\/webx-blocks\/assets\/bggrid.webp&apos;);background-position:100% 50%;background-repeat:no-repeat;background-size:66vw;\"><div class=\"hero-image\"> <img decoding=\"async\" srcset=\"https:\/\/www.westcam-group.com\/wp-content\/uploads\/2024\/04\/slideelement_single_cad_nogrid-150x150.png 150w, https:\/\/www.westcam-group.com\/wp-content\/uploads\/2024\/04\/slideelement_single_cad_nogrid-300x174.png 300w, https:\/\/www.westcam-group.com\/wp-content\/uploads\/2024\/04\/slideelement_single_cad_nogrid-1024x593.png 1024w, https:\/\/www.westcam-group.com\/wp-content\/uploads\/2024\/04\/slideelement_single_cad_nogrid.png 1262w, https:\/\/www.westcam-group.com\/wp-content\/uploads\/2024\/04\/slideelement_single_cad_nogrid-1036x600.png 1036w\" src=\"https:\/\/www.westcam-group.com\/wp-content\/uploads\/2024\/04\/slideelement_single_cad_nogrid.png\" alt=\"\"\/><\/div><div class=\"hero-placeholder\"><\/div>\n<div class=\"wp-block-group hero-content is-layout-flow wp-block-group-is-layout-flow\">\n<div class=\"wp-block-webx-blocks-fake-heading heading-h4 hero-subtitle is-style-westcamized\" style=\"margin-top:0;margin-bottom:15px\">Podpora a servis<\/div>\n\n\n\n<h1 class=\"wp-block-heading hero-title\" style=\"margin-top:0;margin-bottom:15px\">CAD, konstrukce<\/h1>\n\n\n\n<ul class=\"wp-block-list\">\n<li><strong>CAD (po\u010d\u00edta\u010dem podporovan\u00fd design)<\/strong><\/li>\n\n\n\n<li><strong>Stav<\/strong> <em>ba<\/em> <strong>(lat.<\/strong> con <em>&#8222;spolu s<\/em> &#8220; a struere &#8222;stav\u011bt&#8220;)<\/li>\n<\/ul>\n\n\n\n<p><strong>N\u00e1\u0161 t\u00fdm podpory CAD v\u00e1m r\u00e1d zodpov\u00ed<\/strong> va\u0161e dotazy d\u00edky sv\u00fdm dlouholet\u00fdm zku\u0161enostem.<\/p>\n\n\n\n<p><\/p>\n\n\n\n<h3 class=\"wp-block-heading has-accent-color has-text-color has-link-color wp-elements-0225c9932805c7164b8bf87515269433\">N\u00c1\u0160 TIP NA RYCHLOU POMOC:<strong> <\/strong><\/h3>\n\n\n\n<h5 class=\"wp-block-heading has-accent-color has-text-color has-link-color wp-elements-d43c7a4ce8078d19744725572ae5adb6\"><strong>Pou\u017eijte online formul\u00e1\u0159 podpory!  <\/strong><\/h5>\n\n\n\n<p class=\"has-accent-2-color has-text-color has-link-color wp-elements-d1c14525ecc003f7b0b93a8a3fce4cd9\"><strong>Kvalita va\u0161eho dotazu na podporu <\/strong>do zna\u010dn\u00e9 m\u00edry <strong>ur\u010duje <\/strong>, zda a jak v\u00e1m m\u016f\u017eeme c\u00edlen\u011b, rychle a profesion\u00e1ln\u011b pomoci.<\/p>\n\n\n\n<p class=\"has-accent-color has-text-color has-link-color wp-elements-c92c9b155dc1ee1546d7cf65bde2b1bd\"><strong>Kvalitn\u00ed vstup = kvalitn\u00ed v\u00fdstup<\/strong><\/p>\n<\/div>\n\n\n\n<div class=\"wp-block-group hero-violet is-layout-flow wp-block-group-is-layout-flow\" style=\"padding-top:var(--wp--preset--spacing--30);padding-right:var(--wp--preset--spacing--30);padding-bottom:var(--wp--preset--spacing--30);padding-left:var(--wp--preset--spacing--30)\">\n<div class=\"wp-block-webx-blocks-fake-heading heading-h4 is-style-westcamized-white has-base-color has-text-color has-link-color wp-elements-56ff5ce5c1ec1a0d96d5f49a3150d83a\">P\u0159\u00edstupnost<\/div>\n\n\n\n<p class=\"has-base-color has-text-color has-link-color wp-elements-d9ae3022db8b6491aa7433d72f991bf2\"><strong>Pond\u011bl\u00ed &#8211; \u010dtvrtek<br\/><\/strong>08.00 &#8211; 12.00<br\/>13.00 &#8211; 17.00<\/p>\n\n\n\n<p class=\"has-text-align-left has-base-color has-text-color has-link-color wp-elements-bf2e3e972f25680484e58c254baa2ecc\"><strong>P\u00e1tek<br\/><\/strong>08.00 &#8211; 12.00 h<\/p>\n<\/div>\n<\/div>\n\n<div class=\"wp-block-group has-global-padding is-layout-constrained wp-block-group-is-layout-constrained\">\n<h2 class=\"wp-block-heading\" style=\"text-transform:none\">Klikn\u011bte zde pro rychlou n\u00e1pov\u011bdu<\/h2>\n\n\n\n<div class=\"wp-block-group has-contrast-background-color has-background has-global-padding is-layout-constrained wp-container-core-group-is-layout-d2702112 wp-block-group-is-layout-constrained\" style=\"padding-top:var(--wp--preset--spacing--30);padding-right:var(--wp--preset--spacing--40);padding-bottom:var(--wp--preset--spacing--30);padding-left:var(--wp--preset--spacing--40)\">\n<div class=\"wpcf7 no-js\" id=\"wpcf7-f36544-o1\" lang=\"cs-CZ\" dir=\"ltr\" data-wpcf7-id=\"36544\">\n<div class=\"screen-reader-response\"><p role=\"status\" aria-live=\"polite\" aria-atomic=\"true\"><\/p> <ul><\/ul><\/div>\n<form action=\"\/cs\/wp-json\/wp\/v2\/pages\/33713#wpcf7-f36544-o1\" method=\"post\" class=\"wpcf7-form init\" aria-label=\"Kontaktn\u00ed formul\u00e1\u0159\" novalidate=\"novalidate\" data-status=\"init\">\n<fieldset class=\"hidden-fields-container\"><input type=\"hidden\" name=\"_wpcf7\" value=\"36544\" \/><input type=\"hidden\" name=\"_wpcf7_version\" value=\"6.1.5\" \/><input type=\"hidden\" name=\"_wpcf7_locale\" value=\"cs_CZ\" \/><input type=\"hidden\" name=\"_wpcf7_unit_tag\" value=\"wpcf7-f36544-o1\" \/><input type=\"hidden\" name=\"_wpcf7_container_post\" value=\"0\" \/><input type=\"hidden\" name=\"_wpcf7_posted_data_hash\" value=\"\" \/><input type=\"hidden\" name=\"_wpcf7dtx_version\" value=\"5.0.5\" \/><input type=\"hidden\" name=\"_wpcf7_recaptcha_response\" value=\"\" \/>\n<\/fieldset>\n<h3>\u017d\u00e1dost o podporu<\/h3>\n<label>Produkt\/slu\u017eba*\n<span class=\"wpcf7-form-control-wrap\" data-name=\"Produkt\"><select class=\"wpcf7-form-control wpcf7-select wpcf7-validates-as-required\" aria-required=\"true\" aria-invalid=\"false\" name=\"Produkt\"><option value=\"\">Vyberte si pros\u00edm<\/option><option value=\"Inventor\">Inventor<\/option><option value=\"AutoCAD\">AutoCAD<\/option><option value=\"Fusion\">Fusion<\/option><option value=\"Moldflow\">Moldflow<\/option><option value=\"Product, Design, Manufacturing Collection\">Product, Design, Manufacturing Collection<\/option><option value=\"Netfabb\">Netfabb<\/option><option value=\"Jin\u00fd dotaz\">Jin\u00fd dotaz<\/option><\/select><\/span><\/label>\n\n<label>Nal\u00e9havost dotazu*\n<span class=\"wpcf7-form-control-wrap\" data-name=\"Dringlichkeit\"><select class=\"wpcf7-form-control wpcf7-select wpcf7-validates-as-required\" aria-required=\"true\" aria-invalid=\"false\" name=\"Dringlichkeit\"><option value=\"\">Vyberte pros\u00edm<\/option><option value=\"Standardn\u00ed (dotaz na software\/syst\u00e9m)\">Standardn\u00ed (dotaz na software\/syst\u00e9m)<\/option><option value=\"St\u0159edn\u00ed (software\/syst\u00e9m funguje jen \u010d\u00e1ste\u010dn\u011b)\">St\u0159edn\u00ed (software\/syst\u00e9m funguje jen \u010d\u00e1ste\u010dn\u011b)<\/option><option value=\"Vysok\u00e1 (v\u00fdpadek syst\u00e9mu\/syst\u00e9mu)\">Vysok\u00e1 (v\u00fdpadek syst\u00e9mu\/syst\u00e9mu)<\/option><\/select><\/span><\/label>\n\n<label>Popis*\n<span class=\"wpcf7-form-control-wrap\" data-name=\"Beschreibung\"><textarea cols=\"40\" rows=\"2\" maxlength=\"2000\" class=\"wpcf7-form-control wpcf7-textarea wpcf7-validates-as-required\" aria-required=\"true\" aria-invalid=\"false\" name=\"Beschreibung\"><\/textarea><\/span><\/label>\n\n<label>Osobn\u00ed \u00fadaje*<\/label>\n\n<div class=\"form-row\">\n<label>K\u0159estn\u00ed jm\u00e9no*\n<span class=\"wpcf7-form-control-wrap\" data-name=\"Vorname\"><input size=\"40\" maxlength=\"400\" class=\"wpcf7-form-control wpcf7-text wpcf7-validates-as-required\" aria-required=\"true\" aria-invalid=\"false\" value=\"\" type=\"text\" name=\"Vorname\" \/><\/span><\/label>\n<label>P\u0159\u00edjmen\u00ed*\n<span class=\"wpcf7-form-control-wrap\" data-name=\"Nachname\"><input size=\"40\" maxlength=\"400\" class=\"wpcf7-form-control wpcf7-text wpcf7-validates-as-required\" aria-required=\"true\" aria-invalid=\"false\" value=\"\" type=\"text\" name=\"Nachname\" \/><\/span><\/label>\n<\/div>\n\n<div class=\"form-row\">\n\n<label>Spole\u010dnost*\n<span class=\"wpcf7-form-control-wrap\" data-name=\"Unternehmen\"><input size=\"40\" maxlength=\"400\" class=\"wpcf7-form-control wpcf7-text wpcf7-validates-as-required\" aria-required=\"true\" aria-invalid=\"false\" value=\"\" type=\"text\" name=\"Unternehmen\" \/><\/span><\/label>\n<label>Telefonn\u00ed \u010d\u00edslo*\n<span class=\"wpcf7-form-control-wrap\" data-name=\"Telefonnummer\"><input size=\"40\" maxlength=\"400\" class=\"wpcf7-form-control wpcf7-tel wpcf7-validates-as-required wpcf7-text wpcf7-validates-as-tel\" aria-required=\"true\" aria-invalid=\"false\" value=\"\" type=\"tel\" name=\"Telefonnummer\" \/><\/span><\/label>\n<\/div>\n\n\n<div class=\"form-row\">\n\n\n<label>E-mailov\u00e1 adresa*\n<span class=\"wpcf7-form-control-wrap\" data-name=\"Email\"><input size=\"40\" maxlength=\"400\" class=\"wpcf7-form-control wpcf7-email wpcf7-validates-as-required wpcf7-text wpcf7-validates-as-email\" aria-required=\"true\" aria-invalid=\"false\" value=\"\" type=\"email\" name=\"Email\" \/><\/span><\/label>\n<\/div>\n\n<div class=\"form-row\">\n<div class=\"form-column\">\n<label>M\u00e1te k dispozici podklady?<\/label>\n<p class=\"small-font\">Pro urychlen\u00ed zpracov\u00e1n\u00ed je nahrajte sem (nap\u0159. sn\u00edmky obrazovky, posti\u017een\u00fd soubor).<\/p>\n<\/div>\n\n\n<div class=\"form-column\">[multilinefile multilinefile-455 limit:25mb filetypes:jpg|jpeg|png|gif|pdf|bmp|webp|zinspect|tgz|7z|zip \"Nahr\u00e1t\"]<\/label>\n<p class=\"small-font\">Pozn\u00e1mka: Nahr\u00e1t lze maxim\u00e1ln\u011b 25 MB. Povolen\u00e9 form\u00e1ty soubor\u016f:JPG|JPEG|PNG|GIF|BMP|WEBP|PDF|ZIP|7Zip.\nV p\u0159\u00edpad\u011b v\u011bt\u0161\u00edho objemu dat v\u00e1m r\u00e1di poskytneme do\u010dasn\u00fd odkaz na cloud.    <\/p>\n<\/div>\n<\/div>\n\n<p>\n<span class=\"wpcf7-form-control-wrap\" data-name=\"Zustimmung_Hotline_Bedingungen\"><span class=\"wpcf7-form-control wpcf7-checkbox wpcf7-validates-as-required\"><span class=\"wpcf7-list-item first last\"><input type=\"checkbox\" name=\"Zustimmung_Hotline_Bedingungen[]\" value=\"Smlouva o souhlasu s horkou linkou (viz n\u00ed\u017ee)*\" \/><span class=\"wpcf7-list-item-label\">Smlouva o souhlasu s horkou linkou (viz n\u00ed\u017ee)*<\/span><\/span><\/span><\/span>\n<\/p>\n\n<p class=\"small-font\">*Povinn\u00e9 pole<\/p>\n\n<input class=\"wpcf7-form-control wpcf7-submit has-spinner\" type=\"submit\" value=\"Odeslat\" \/><div class=\"wpcf7-response-output\" aria-hidden=\"true\"><\/div>\n<\/form>\n<\/div>\n\n<\/div>\n<\/div>\n\n<div class=\"wp-block-group has-global-padding is-layout-constrained wp-block-group-is-layout-constrained\">\n<h2 class=\"wp-block-heading\" style=\"text-transform:none\">R\u00e1di jsme tu pro v\u00e1s<\/h2>\n\n\n\n<div class=\"wp-block-webx-blocks-grid has-base-background-color has-background is-layout-grid wp-container-webx-blocks-grid-is-layout-478b6e6b wp-block-webx-blocks-grid-is-layout-grid\" style=\"--grid-columns-desktop:2;--grid-columns-tablet:2;--grid-columns-mobile:1\">\n<div class=\"wp-block-webx-blocks-grid-item has-base-2-background-color has-background is-layout-flow wp-block-webx-blocks-grid-item-is-layout-flow\" style=\"padding-top:var(--wp--preset--spacing--10);padding-right:var(--wp--preset--spacing--10);padding-bottom:var(--wp--preset--spacing--10);padding-left:var(--wp--preset--spacing--10);--grid-area-desktop:auto \/ auto \/ auto \/ auto;--grid-area-tablet:auto \/ auto \/ auto \/ auto;--grid-area-mobile:auto \/ auto \/ auto \/ auto\">\n<h4 class=\"wp-block-heading is-style-westcamized\" style=\"text-transform:none\">AUTODESK: AutoCAD, Inventor, Fusion, Moldflow, Netfabb, PDM-Collection<\/h4>\n\n\n\n<p class=\"has-text-align-left\"><strong>Pond\u011bl\u00ed &#8211; \u010dtvrtek<br\/><\/strong>08.00 &#8211; 12.00<br\/>13.00 &#8211; 17.00<\/p>\n\n\n\n<p class=\"has-text-align-left\"><strong>P\u00e1tek<br\/><\/strong>08.00 &#8211; 12.00 h<\/p>\n<\/div>\n\n\n\n<div class=\"wp-block-webx-blocks-grid-item has-base-2-background-color has-background is-layout-flow wp-block-webx-blocks-grid-item-is-layout-flow\" style=\"padding-top:var(--wp--preset--spacing--10);padding-right:var(--wp--preset--spacing--10);padding-bottom:var(--wp--preset--spacing--10);padding-left:var(--wp--preset--spacing--10);--grid-area-desktop:auto \/ auto \/ auto \/ auto;--grid-area-tablet:auto \/ auto \/ auto \/ auto;--grid-area-mobile:auto \/ auto \/ auto \/ auto\">\n<h4 class=\"wp-block-heading is-style-westcamized\" style=\"text-transform:none\">Hork\u00e1 linka<\/h4>\n\n\n\n<div class=\"wp-block-group is-nowrap is-layout-flex wp-container-core-group-is-layout-6c531013 wp-block-group-is-layout-flex\">\n<figure class=\"wp-block-image size-full is-resized\"><img loading=\"lazy\" decoding=\"async\" width=\"512\" height=\"510\" src=\"https:\/\/www.westcam-group.com\/wp-content\/uploads\/2024\/03\/phone-line-icon.png\" alt=\"\" class=\"wp-image-2739\" style=\"width:35px\" srcset=\"https:\/\/www.westcam-group.com\/wp-content\/uploads\/2024\/03\/phone-line-icon.png 512w, https:\/\/www.westcam-group.com\/wp-content\/uploads\/2024\/03\/phone-line-icon-300x300.png 300w, https:\/\/www.westcam-group.com\/wp-content\/uploads\/2024\/03\/phone-line-icon-150x150.png 150w\" sizes=\"auto, (max-width: 512px) 100vw, 512px\" \/><\/figure>\n\n\n\n<p><a href=\"tel:+43522355509992\">+43 5223 55509 992<\/a><\/p>\n<\/div>\n\n\n\n<div class=\"wp-block-group is-nowrap is-layout-flex wp-container-core-group-is-layout-6c531013 wp-block-group-is-layout-flex\">\n<figure class=\"wp-block-image size-full is-resized\"><img decoding=\"async\" src=\"https:\/\/www.westcam-group.com\/wp-content\/uploads\/2024\/11\/eaiab978uj7m3cp7mcg.svg\" alt=\"\" class=\"wp-image-29698\" style=\"width:35px\"\/><\/figure>\n\n\n\n<p><a href=\"mailto:support.cad@westcam-group.com\" target=\"_blank\" rel=\"noreferrer noopener\">support.cad@westcam-group.com<\/a><\/p>\n<\/div>\n<\/div>\n<\/div>\n\n\n\n<p class=\"has-text-align-center\"><\/p>\n<\/div>\n\n<div class=\"wp-block-group has-global-padding is-layout-constrained wp-block-group-is-layout-constrained\">\n<div class=\"wp-block-webx-blocks-westcam-hero alignfull ltr\"><div class=\"hero-image\" style=\"--aspect-ratio:4 \/ 1\"> <img decoding=\"async\" srcset=\"https:\/\/www.westcam-group.com\/wp-content\/uploads\/2024\/08\/westcam-group-support-hotline-150x150.jpeg 150w, https:\/\/www.westcam-group.com\/wp-content\/uploads\/2024\/08\/westcam-group-support-hotline-300x168.jpeg 300w, https:\/\/www.westcam-group.com\/wp-content\/uploads\/2024\/08\/westcam-group-support-hotline-1024x574.jpeg 1024w, https:\/\/www.westcam-group.com\/wp-content\/uploads\/2024\/08\/westcam-group-support-hotline.jpeg 1366w, https:\/\/www.westcam-group.com\/wp-content\/uploads\/2024\/08\/westcam-group-support-hotline-1070x600.jpeg 1070w\" src=\"https:\/\/www.westcam-group.com\/wp-content\/uploads\/2024\/08\/westcam-group-support-hotline.jpeg\" alt=\"\"\/><\/div><div class=\"hero-placeholder\"><\/div>\n<div class=\"wp-block-group hero-content is-layout-flow wp-block-group-is-layout-flow\">\n<h4 class=\"wp-block-heading hero-title is-style-westcamized\" style=\"margin-top:0;margin-bottom:15px;text-transform:none\">Profesion\u00e1ln\u00ed podpora<\/h4>\n\n\n\n<h2 class=\"wp-block-heading hero-title\" style=\"margin-top:0;margin-bottom:15px;text-transform:none\">SMLOUVA O HORK\u00c9 LINCE<\/h2>\n\n\n\n<p><strong>PODM\u00cdNKY PODPORY<\/strong><\/p>\n\n\n\n<ul class=\"wp-block-list\">\n<li><strong>se smlouvou na hotline: Bezplatn\u00e1<\/strong> podpora<\/li>\n\n\n\n<li><strong>bez smlouvy o hork\u00e9 lince: n\u00e1klady<\/strong> na \u010dtvrthodinu nebo jej\u00ed \u010d\u00e1st podle smlouvy o hork\u00e9 lince.<\/li>\n<\/ul>\n\n\n\n<div class=\"wp-block-file\"><a id=\"wp-block-file--media-f70fcc1b-1997-4268-b3bc-12cee38ce3b3\" href=\"https:\/\/www.westcam-group.com\/wp-content\/uploads\/2025\/02\/WESTCAM.Hotline-Vertrag.Stand_.01.01.2025.pdf\">Smlouva o WESTCAM.hotline<\/a><a href=\"https:\/\/www.westcam-group.com\/wp-content\/uploads\/2025\/02\/WESTCAM.Hotline-Vertrag.Stand_.01.01.2025.pdf\" class=\"wp-block-file__button wp-element-button\" download=\"\" aria-describedby=\"wp-block-file--media-f70fcc1b-1997-4268-b3bc-12cee38ce3b3\">St\u00e1hnout<\/a><\/div>\n\n\n\n<h3 class=\"wp-block-heading\" style=\"text-transform:none\">SMLOUVA O \u00daDR\u017dB\u011a SPOLE\u010cNOSTI AUTODESK<\/h3>\n\n\n\n<p>Dal\u0161\u00ed informace o <a href=\"https:\/\/www.autodesk.de\/maintenance-plan\" target=\"_blank\" rel=\"noopener\">smlouv\u011b o \u00fadr\u017eb\u011b Autodesk a<\/a> <a href=\"https:\/\/www.autodesk.de\/subscription\" target=\"_blank\" rel=\"noopener\">Autodesk Subscription<\/a>.<\/p>\n\n\n\n<p><\/p>\n\n\n\n<h5 class=\"wp-block-heading has-accent-color has-text-color has-link-color wp-elements-6b2d9517ef85065ac5f368dcb2fc72d3\">Rychl\u00e1 vzd\u00e1len\u00e1 \u00fadr\u017eba prost\u0159ednictv\u00edm:<\/h5>\n\n\n\n<figure class=\"wp-block-image size-large is-resized\"><a href=\"https:\/\/get.teamviewer.com\/afrh9kt\" target=\"_blank\" rel=\"noreferrer noopener\"><img loading=\"lazy\" decoding=\"async\" width=\"1024\" height=\"138\" src=\"https:\/\/www.westcam-group.com\/wp-content\/uploads\/2024\/06\/TeamViewer_Logo_CarbonBlue_RGB-1024x138.png\" alt=\"\" class=\"wp-image-6965\" style=\"width:400px\" srcset=\"https:\/\/www.westcam-group.com\/wp-content\/uploads\/2024\/06\/TeamViewer_Logo_CarbonBlue_RGB-1024x138.png 1024w, https:\/\/www.westcam-group.com\/wp-content\/uploads\/2024\/06\/TeamViewer_Logo_CarbonBlue_RGB-300x40.png 300w, https:\/\/www.westcam-group.com\/wp-content\/uploads\/2024\/06\/TeamViewer_Logo_CarbonBlue_RGB-768x103.png 768w, https:\/\/www.westcam-group.com\/wp-content\/uploads\/2024\/06\/TeamViewer_Logo_CarbonBlue_RGB.png 1330w\" sizes=\"auto, (max-width: 1024px) 100vw, 1024px\" \/><\/a><\/figure>\n<\/div>\n<\/div>\n<\/div>\n\n<div class=\"wp-block-group has-global-padding is-layout-constrained wp-container-core-group-is-layout-baed9f38 wp-block-group-is-layout-constrained\" style=\"margin-top:var(--wp--preset--spacing--60);margin-bottom:var(--wp--preset--spacing--60)\">\n<h3 class=\"wp-block-heading\" style=\"margin-top:var(--wp--preset--spacing--20);margin-right:0;margin-bottom:var(--wp--preset--spacing--20);margin-left:0;text-transform:none\">\u010casto kladen\u00e9 ot\u00e1zky (FAQ)<\/h3>\n\n\n\n<script type=\"application\/ld+json\">{\"@context\":\"https:\/\/schema.org\",\"@type\":\"FAQPage\",\"mainEntity\":[{\"@type\":\"Question\",\"name\":\"Wie funktioniert die Autodesk Account Benutzerverwaltung?\",\"acceptedAnswer\":{\"@type\":\"Answer\",\"text\":\"\"}},{\"@type\":\"Question\",\"name\":\"Ich habe einen Lizenzfehler beim \u00d6ffnen eines Autodesk Produktes, was nun?\",\"acceptedAnswer\":{\"@type\":\"Answer\",\"text\":\"&lt;a href=\\\"https:\/\/www.autodesk.com\/de\/support\/technical\/article\/caas\/sfdcarticles\/sfdcarticles\/DEU\/Licensing-Error.html\\\" data-type=\\\"link\\\" data-id=\\\"https:\/\/www.autodesk.com\/de\/support\/technical\/article\/caas\/sfdcarticles\/sfdcarticles\/DEU\/Licensing-Error.html\\\" target=\\\"_blank\\\" rel=\\\"noreferrer noopener\\\">&lt;strong>&lt;span class=\\\"add-arrow\\\">Lizenzfehler beim \u00d6ffnen eines Autodesk Produkte&lt;\/span>&lt;\/strong>&lt;\/a>\"}},{\"@type\":\"Question\",\"name\":\"Wie  kann ich meine Moldflow-Lizenz verwalten?\",\"acceptedAnswer\":{\"@type\":\"Answer\",\"text\":\"Seit der Version 2023 (Insight und Adviser), gibt es auch NU Lizenzen. Daher muss, sofern nicht schon bei der Installation ber\u00fccksichtigt, die jeweils richtige Ausbaustufe via License Configuration Tool auf jedem Client einmal zugewiesen werden, bzw. ob es sich um eine NU Lizenz oder Netzwerklizenz handelt.Bei zweiterem muss dazu noch der Server, sowie die Serverart zugewiesen werden.\"}}]}<\/script><div class=\"wp-block-webx-blocks-accordion\">\n<div class=\"accordion\" id=\"wie-funktioniert-die-autodesk-account-benutzerverwaltung\"><h2 class=\"title faq-title\" itemprop=\"name\"><a href=\"#wie-funktioniert-die-autodesk-account-benutzerverwaltung\">Wie funktioniert die Autodesk Account Benutzerverwaltung?<\/a><\/h2><div class=\"content\"><div class=\"wrapper\">\n<div class=\"wp-block-file\"><a id=\"wp-block-file--media-698dded3-2647-4e6f-9f3b-f9d352ebe542\" href=\"https:\/\/www.westcam-group.com\/wp-content\/uploads\/2024\/11\/autodesk-account-benutzerverwaltung-westcam.pdf\">spr\u00e1va u\u017eivatel\u016f \u00fa\u010dtu autodesk<\/a><a href=\"https:\/\/www.westcam-group.com\/wp-content\/uploads\/2024\/11\/autodesk-account-benutzerverwaltung-westcam.pdf\" class=\"wp-block-file__button wp-element-button\" download=\"\" aria-describedby=\"wp-block-file--media-698dded3-2647-4e6f-9f3b-f9d352ebe542\">St\u00e1hnout<\/a><\/div>\n<\/div><\/div><\/div>\n\n\n\n<div class=\"accordion\" id=\"ich-habe-einen-lizenzfehler-beim-ffnen-eines-autodesk-produktes-was-nun\"><h2 class=\"title faq-title\" itemprop=\"name\"><a href=\"#ich-habe-einen-lizenzfehler-beim-ffnen-eines-autodesk-produktes-was-nun\">Ich habe einen Lizenzfehler beim \u00d6ffnen eines Autodesk Produktes, was nun?<\/a><\/h2><div class=\"content\"><div class=\"wrapper\">\n<p><a href=\"https:\/\/www.autodesk.com\/de\/support\/technical\/article\/caas\/sfdcarticles\/sfdcarticles\/DEU\/Licensing-Error.html\" data-type=\"link\" data-id=\"https:\/\/www.autodesk.com\/de\/support\/technical\/article\/caas\/sfdcarticles\/sfdcarticles\/DEU\/Licensing-Error.html\" target=\"_blank\" rel=\"noreferrer noopener\"><strong><span class=\"add-arrow\">Chyba licence p\u0159i otev\u0159en\u00ed produktu Autodesk<\/span><\/strong><\/a><\/p>\n<\/div><\/div><\/div>\n\n\n\n<div class=\"accordion\" id=\"wie--kann-ich-meine-moldflowlizenz-verwalten\"><h2 class=\"title faq-title\" itemprop=\"name\"><a href=\"#wie--kann-ich-meine-moldflowlizenz-verwalten\">Wie  kann ich meine Moldflow-Lizenz verwalten?<\/a><\/h2><div class=\"content\"><div class=\"wrapper\">\n<p>Od verze 2023 (Insight a Adviser) jsou k dispozici tak\u00e9 licence NU. Proto, pokud to nebylo zohledn\u011bno ji\u017e p\u0159i instalaci, je t\u0159eba jednou na ka\u017ed\u00e9m klientovi prost\u0159ednictv\u00edm n\u00e1stroje pro konfiguraci licenc\u00ed p\u0159i\u0159adit spr\u00e1vnou \u00farove\u0148 roz\u0161\u00ed\u0159en\u00ed, nebo zda se jedn\u00e1 o licenci NU nebo s\u00ed\u0165ovou licenci; v p\u0159\u00edpad\u011b druh\u00e9 jmenovan\u00e9 licence je t\u0159eba p\u0159i\u0159adit tak\u00e9 server a typ serveru. <\/p>\n\n\n\n<figure class=\"wp-block-image size-full\"><img loading=\"lazy\" decoding=\"async\" width=\"320\" height=\"61\" src=\"https:\/\/www.westcam-group.com\/wp-content\/uploads\/2024\/11\/lizenz-moldflow-1.png\" alt=\"\" class=\"wp-image-29563\" srcset=\"https:\/\/www.westcam-group.com\/wp-content\/uploads\/2024\/11\/lizenz-moldflow-1.png 320w, https:\/\/www.westcam-group.com\/wp-content\/uploads\/2024\/11\/lizenz-moldflow-1-300x57.png 300w\" sizes=\"auto, (max-width: 320px) 100vw, 320px\" \/><\/figure>\n\n\n\n<figure class=\"wp-block-image size-full\"><img loading=\"lazy\" decoding=\"async\" width=\"350\" height=\"376\" src=\"https:\/\/www.westcam-group.com\/wp-content\/uploads\/2024\/11\/lizenz-moldflow-2.png\" alt=\"\" class=\"wp-image-29566\" srcset=\"https:\/\/www.westcam-group.com\/wp-content\/uploads\/2024\/11\/lizenz-moldflow-2.png 350w, https:\/\/www.westcam-group.com\/wp-content\/uploads\/2024\/11\/lizenz-moldflow-2-279x300.png 279w\" sizes=\"auto, (max-width: 350px) 100vw, 350px\" \/><\/figure>\n<\/div><\/div><\/div>\n<\/div>\n<\/div>\n\n<p><\/p>\n","protected":false},"excerpt":{"rendered":"<p>Klikn\u011bte zde pro rychlou n\u00e1pov\u011bdu R\u00e1di jsme tu pro v\u00e1s \u010casto kladen\u00e9 ot\u00e1zky (FAQ)<\/p>\n","protected":false},"author":6,"featured_media":0,"parent":33947,"menu_order":0,"comment_status":"closed","ping_status":"closed","template":"","meta":{"content-type":"","footnotes":""},"class_list":["post-33713","page","type-page","status-publish","hentry"],"_links":{"self":[{"href":"https:\/\/www.westcam-group.com\/cs\/wp-json\/wp\/v2\/pages\/33713","targetHints":{"allow":["GET"]}}],"collection":[{"href":"https:\/\/www.westcam-group.com\/cs\/wp-json\/wp\/v2\/pages"}],"about":[{"href":"https:\/\/www.westcam-group.com\/cs\/wp-json\/wp\/v2\/types\/page"}],"author":[{"embeddable":true,"href":"https:\/\/www.westcam-group.com\/cs\/wp-json\/wp\/v2\/users\/6"}],"replies":[{"embeddable":true,"href":"https:\/\/www.westcam-group.com\/cs\/wp-json\/wp\/v2\/comments?post=33713"}],"version-history":[{"count":2,"href":"https:\/\/www.westcam-group.com\/cs\/wp-json\/wp\/v2\/pages\/33713\/revisions"}],"predecessor-version":[{"id":33717,"href":"https:\/\/www.westcam-group.com\/cs\/wp-json\/wp\/v2\/pages\/33713\/revisions\/33717"}],"up":[{"embeddable":true,"href":"https:\/\/www.westcam-group.com\/cs\/wp-json\/wp\/v2\/pages\/33947"}],"wp:attachment":[{"href":"https:\/\/www.westcam-group.com\/cs\/wp-json\/wp\/v2\/media?parent=33713"}],"curies":[{"name":"wp","href":"https:\/\/api.w.org\/{rel}","templated":true}]}}