{"id":33559,"date":"2025-02-13T11:18:41","date_gmt":"2025-02-13T10:18:41","guid":{"rendered":"https:\/\/www.westcam-group.com\/auxalia-westcam-group\/"},"modified":"2025-10-24T08:20:02","modified_gmt":"2025-10-24T06:20:02","slug":"auxalia-westcam-group","status":"publish","type":"page","link":"https:\/\/www.westcam-group.com\/cs\/o-firme\/auxalia-westcam-group\/","title":{"rendered":"auxalia WESTCAM Group"},"content":{"rendered":"\n<div class=\"wp-block-webx-blocks-responsive-spacer\" style=\"--desktop-height:100px;--tablet-height:50px;--mobile-height:25px\"><\/div>\n\n<div class=\"wp-block-webx-blocks-westcam-hero alignfull ltr\"><div class=\"hero-image\" style=\"--aspect-ratio:4 \/ 1\"> <video src=\"https:\/\/www.westcam-group.com\/wp-content\/uploads\/2025\/02\/auxalia-westcam-group-video.mov\" alt=\"Selected Media\" autoplay loop muted><\/video><\/div><div class=\"hero-placeholder\"><\/div>\n<div class=\"wp-block-webx-blocks-westcam-hero-content hero-content\">\n<h4 class=\"wp-block-heading hero-subtitle is-style-westcamized\" style=\"margin-top:0;margin-right:0;margin-bottom:0;margin-left:0;padding-top:0;padding-right:0;padding-bottom:0;padding-left:0;text-transform:none\">&#8222;NAVRHOVAT &#8211; VYR\u00c1B\u011aT &#8211; UDR\u017dOVAT&#8220;<\/h4>\n\n\n\n<h1 class=\"wp-block-heading hero-title\" style=\"margin-top:var(--wp--preset--spacing--10);margin-bottom:var(--wp--preset--spacing--10);padding-top:0;padding-right:0;padding-bottom:0;padding-left:0;font-size:clamp(2.418rem, 2.418rem + ((1vw - 0.2rem) * 2.251), 4.5rem);text-transform:none\">auxalia WESTCAM Group<\/h1>\n\n\n\n<h4 class=\"wp-block-heading\">3 technologi\u010dt\u00ed l\u00edd\u0159i &#8211; jedna skupina:<\/h4>\n\n\n\n<h1 class=\"wp-block-heading\"><span class=\"wow-text\">JEDNO PORTFOLIO<\/span><\/h1>\n\n\n\n<p class=\"has-contrast-3-color has-text-color has-link-color has-medium-font-size wp-elements-358721310980a48f9e32bf3ff09fb82f\">Spojen\u00ed sil t\u0159\u00ed \u0161pi\u010dkov\u00fdch poskytovatel\u016f technologi\u00ed s t\u00e9m\u011b\u0159 \u010dty\u0159icetiletou zku\u0161enost\u00ed:  <\/p>\n\n\n\n<p class=\"has-contrast-3-color has-text-color has-link-color has-medium-font-size wp-elements-6bac2c29b86282250bd291d2bdc6a717\"><strong>auxalia<\/strong>, specialista na digit\u00e1ln\u00ed \u0159e\u0161en\u00ed ve stavebnictv\u00ed, se <strong>spole\u010dnost\u00ed WESTCAM, odborn\u00edkem<\/strong> na navrhov\u00e1n\u00ed, v\u00fdrobu a zaji\u0161t\u011bn\u00ed kvality v\u00fdrobk\u016f, a spole\u010dnost\u00ed ICN, poskytovatelem <strong>stroj\u00edrensk\u00e9ho<\/strong> a stavebn\u00edho softwaru.<\/p>\n\n\n\n<p class=\"has-contrast-3-color has-text-color has-link-color has-medium-font-size wp-elements-c08ee32f68efeee429ccafd9c582eba3\"><strong>V\u00fdsledkem je ucelen\u00e9<\/strong> <strong>portfolio platforem softwaru<\/strong>, slu\u017eeb a hardwaru pro cel\u00fd \u017eivotn\u00ed cyklus v\u00fdrobk\u016f a budov.<\/p>\n<\/div>\n<\/div>\n\n<div style=\"height:100px\" aria-hidden=\"true\" class=\"wp-block-spacer\"><\/div>\n\n<div class=\"wp-block-media-text is-stacked-on-mobile\"><figure class=\"wp-block-media-text__media\"><img loading=\"lazy\" decoding=\"async\" width=\"520\" height=\"134\" src=\"https:\/\/www.westcam-group.com\/wp-content\/uploads\/2025\/02\/auxalia-westcam-group-logo-S.png\" alt=\"\" class=\"wp-image-33445 size-full\" srcset=\"https:\/\/www.westcam-group.com\/wp-content\/uploads\/2025\/02\/auxalia-westcam-group-logo-S.png 520w, https:\/\/www.westcam-group.com\/wp-content\/uploads\/2025\/02\/auxalia-westcam-group-logo-S-300x77.png 300w\" sizes=\"auto, (max-width: 520px) 100vw, 520px\" \/><\/figure><div class=\"wp-block-media-text__content\">\n<h2 class=\"wp-block-heading\">3 \u0161pi\u010dkov\u00e9 zna\u010dky jako jedna skupina<\/h2>\n\n\n\n<p>auxalia<strong> <\/strong><strong>se s\u00eddlem v Hamburku<\/strong>(DE), <strong>WESTCAM v Mils\/Tyrolsku (AT) a<\/strong> ICN v <strong>&#8218;s-Hertogenbosch (NL<\/strong>).<\/p>\n\n\n\n<p>Siln\u00fd t\u00fdm p\u0159ibli\u017en\u011b <strong>180 odborn\u00edk\u016f<\/strong> je v\u00e1m v\u017edy nabl\u00edzku. Siln\u00e9 zastoupen\u00ed v N\u011bmecku, Rakousku, \u0160v\u00fdcarsku, Nizozemsku, It\u00e1lii, \u010cesk\u00e9 republice a na Slovensku<strong>. <\/strong>Je symbolem inovac\u00ed, udr\u017eitelnosti a individu\u00e1ln\u00edho p\u0159\u00edstupu k z\u00e1kazn\u00edk\u016fm. Sdru\u017een\u00edm sv\u00fdch odborn\u00fdch znalost\u00ed vytv\u00e1\u0159\u00ed skupina auxalia WESTCAM ucelen\u00e1 \u0159e\u0161en\u00ed digit\u00e1ln\u00edch platforem, kter\u00e1 odpov\u00eddaj\u00ed v\u00fdzv\u00e1m budoucnosti.   <\/p>\n<\/div><\/div>\n\n<div style=\"height:50px\" aria-hidden=\"true\" class=\"wp-block-spacer\"><\/div>\n\n<div class=\"wp-block-group has-base-2-background-color has-background has-global-padding is-layout-constrained wp-container-core-group-is-layout-54b13cab wp-block-group-is-layout-constrained\" style=\"margin-top:var(--wp--preset--spacing--50);margin-bottom:var(--wp--preset--spacing--50);padding-top:var(--wp--preset--spacing--20);padding-right:0;padding-bottom:var(--wp--preset--spacing--20);padding-left:0\">\n<figure class=\"wp-block-embed is-type-video is-provider-youtube wp-block-embed-youtube wp-embed-aspect-16-9 wp-has-aspect-ratio\" style=\"margin-top:var(--wp--preset--spacing--20);margin-bottom:var(--wp--preset--spacing--20)\"><div class=\"wp-block-embed__wrapper\">\n<div class=\"cookieconsent-optout-marketing\">\n    Bitte  <a href=\"javascript:Cookiebot.renew()\">Marketing-Cookies akzeptieren<\/a>, um dieses Video zu laden.\n    <\/div>\n            <iframe data-cookieblock-src=\"https:\/\/www.youtube.com\/embed\/rvNxtJHwVlo?feature=oembed\" data-cookieconsent=\"marketing\" title=\"auxalia WESTCAM Group | PORTFOLIO\" width=\"500\" height=\"281\"  frameborder=\"0\" allow=\"accelerometer; autoplay; clipboard-write; encrypted-media; gyroscope; picture-in-picture; web-share\" referrerpolicy=\"strict-origin-when-cross-origin\" allowfullscreen><\/iframe>\n<\/div><\/figure>\n<\/div>\n\n<div class=\"wp-block-media-text has-media-on-the-right is-stacked-on-mobile\"><div class=\"wp-block-media-text__content\">\n<h2 class=\"wp-block-heading has-text-align-left\">Portfolio 360 stup\u0148\u016f<\/h2>\n\n\n\n<p>Skupina auxalia WESTCAM Group nab\u00edz\u00ed \u0161irokou \u0161k\u00e1lu \u0159e\u0161en\u00ed v r\u00e1mci cel\u00e9ho \u017eivotn\u00edho cyklu projekt\u016f a v\u00fdrobk\u016f. Jako certifikovan\u00fd partner spole\u010dnosti Autodesk nab\u00edz\u00ed softwarov\u00e1 \u0159e\u0161en\u00ed, \u0161kolen\u00ed, podporu, slu\u017eby a hardware. Skupina kombinuje osv\u011bd\u010den\u00e9 n\u00e1stroje auxalia &#8211; nap\u0159\u00edklad Revit ProjectBox a PlantTools &#8211; s koncepc\u00ed digit\u00e1ln\u00edho procesn\u00edho \u0159et\u011bzce spole\u010dnosti WESTCAM, kter\u00e1 integruje n\u00e1vrh, simulaci, v\u00fdrobu a zaji\u0161t\u011bn\u00ed kvality.  <\/p>\n<\/div><figure class=\"wp-block-media-text__media\"><img loading=\"lazy\" decoding=\"async\" width=\"1024\" height=\"574\" src=\"https:\/\/www.westcam-group.com\/wp-content\/uploads\/2025\/02\/auxalia-westcam-group-360-grad-portfolio-1024x574.jpeg\" alt=\"\" class=\"wp-image-33454 size-full\" srcset=\"https:\/\/www.westcam-group.com\/wp-content\/uploads\/2025\/02\/auxalia-westcam-group-360-grad-portfolio-1024x574.jpeg 1024w, https:\/\/www.westcam-group.com\/wp-content\/uploads\/2025\/02\/auxalia-westcam-group-360-grad-portfolio-300x168.jpeg 300w, https:\/\/www.westcam-group.com\/wp-content\/uploads\/2025\/02\/auxalia-westcam-group-360-grad-portfolio-768x430.jpeg 768w, https:\/\/www.westcam-group.com\/wp-content\/uploads\/2025\/02\/auxalia-westcam-group-360-grad-portfolio-1536x861.jpeg 1536w, https:\/\/www.westcam-group.com\/wp-content\/uploads\/2025\/02\/auxalia-westcam-group-360-grad-portfolio-1071x600.jpeg 1071w\" sizes=\"auto, (max-width: 1024px) 100vw, 1024px\" \/><\/figure><\/div>\n\n<div style=\"height:50px\" aria-hidden=\"true\" class=\"wp-block-spacer\"><\/div>\n\n<div class=\"wp-block-media-text is-stacked-on-mobile\"><figure class=\"wp-block-media-text__media\"><img loading=\"lazy\" decoding=\"async\" width=\"1024\" height=\"576\" src=\"https:\/\/www.westcam-group.com\/wp-content\/uploads\/2025\/05\/map_aWG-europe_with-locations-1024x576.png\" alt=\"\" class=\"wp-image-39429 size-full\" srcset=\"https:\/\/www.westcam-group.com\/wp-content\/uploads\/2025\/05\/map_aWG-europe_with-locations-1024x576.png 1024w, https:\/\/www.westcam-group.com\/wp-content\/uploads\/2025\/05\/map_aWG-europe_with-locations-300x169.png 300w, https:\/\/www.westcam-group.com\/wp-content\/uploads\/2025\/05\/map_aWG-europe_with-locations-768x432.png 768w, https:\/\/www.westcam-group.com\/wp-content\/uploads\/2025\/05\/map_aWG-europe_with-locations-1536x864.png 1536w, https:\/\/www.westcam-group.com\/wp-content\/uploads\/2025\/05\/map_aWG-europe_with-locations-1600x900.png 1600w, https:\/\/www.westcam-group.com\/wp-content\/uploads\/2025\/05\/map_aWG-europe_with-locations-1067x600.png 1067w, https:\/\/www.westcam-group.com\/wp-content\/uploads\/2025\/05\/map_aWG-europe_with-locations.png 1920w\" sizes=\"auto, (max-width: 1024px) 100vw, 1024px\" \/><\/figure><div class=\"wp-block-media-text__content\">\n<h2 class=\"wp-block-heading\">Siln\u00fd evropsk\u00fd partner<\/h2>\n\n\n\n<p>Skupina auxalia WESTCAM Group p\u016fsob\u00ed v <strong>N\u011bmecku<\/strong>, <strong>Rakousku,<\/strong> <strong>\u0160v\u00fdcarsku, It\u00e1lii,<\/strong> <strong>Nizozemsku<\/strong>, <strong>\u010cesk\u00e9 republice<\/strong> <strong>a na Slovensku a m\u00e1<\/strong> <strong>celosv\u011btovou s\u00ed\u0165<\/strong> <strong>partner\u016f a \u0161pi\u010dkov\u00fdch z\u00e1kazn\u00edk\u016f<\/strong>. D\u00edky lok\u00e1ln\u00ed podpo\u0159e, kr\u00e1tk\u00fdm komunika\u010dn\u00edm kan\u00e1l\u016fm a praktick\u00e9mu my\u0161len\u00ed v\u00e1m skupina nab\u00edz\u00ed \u0159e\u0161en\u00ed na m\u00edru. <\/p>\n<\/div><\/div>\n\n<div style=\"height:50px\" aria-hidden=\"true\" class=\"wp-block-spacer\"><\/div>\n\n<div class=\"wp-block-media-text has-media-on-the-right is-stacked-on-mobile\"><div class=\"wp-block-media-text__content\">\n<h2 class=\"wp-block-heading has-text-align-left\">Na\u0161e DNA: inovace a t\u00fdmov\u00e1 pr\u00e1ce<\/h2>\n\n\n\n<p class=\"has-text-align-left\">Ploch\u00e1 hierarchie, inovativn\u00ed \u00fa\u010dast na \u0159\u00edzen\u00ed a modern\u00ed pracovn\u00ed prost\u0159ed\u00ed \u010din\u00ed ze skupiny auxalia WESTCAM atraktivn\u00edho zam\u011bstnavatele. <a href=\"https:\/\/www.westcam-group.com\/cs\/o-firme\/kariera\/\" target=\"_blank\" rel=\"noreferrer noopener\"><strong>atraktivn\u00ed<\/strong> <strong>zam\u011bstnavatel<\/strong><\/a>. S jasn\u00fdm zam\u011b\u0159en\u00edm na udr\u017eiteln\u00e9 podnik\u00e1n\u00ed vytv\u00e1\u0159\u00ed skupina prost\u0159ed\u00ed, ve kter\u00e9m se mohou rozv\u00edjet inovace a respektuj\u00edc\u00ed spolupr\u00e1ce.<\/p>\n<\/div><figure class=\"wp-block-media-text__media\"><img loading=\"lazy\" decoding=\"async\" width=\"1024\" height=\"683\" src=\"https:\/\/www.westcam-group.com\/wp-content\/uploads\/2025\/02\/auxalia-westcam-group-innovation-und-teamwork-1024x683.jpeg\" alt=\"\" class=\"wp-image-33460 size-full\" srcset=\"https:\/\/www.westcam-group.com\/wp-content\/uploads\/2025\/02\/auxalia-westcam-group-innovation-und-teamwork-1024x683.jpeg 1024w, https:\/\/www.westcam-group.com\/wp-content\/uploads\/2025\/02\/auxalia-westcam-group-innovation-und-teamwork-300x200.jpeg 300w, https:\/\/www.westcam-group.com\/wp-content\/uploads\/2025\/02\/auxalia-westcam-group-innovation-und-teamwork-768x513.jpeg 768w, https:\/\/www.westcam-group.com\/wp-content\/uploads\/2025\/02\/auxalia-westcam-group-innovation-und-teamwork-1536x1025.jpeg 1536w, https:\/\/www.westcam-group.com\/wp-content\/uploads\/2025\/02\/auxalia-westcam-group-innovation-und-teamwork-2048x1367.jpeg 2048w, https:\/\/www.westcam-group.com\/wp-content\/uploads\/2025\/02\/auxalia-westcam-group-innovation-und-teamwork-1349x900.jpeg 1349w, https:\/\/www.westcam-group.com\/wp-content\/uploads\/2025\/02\/auxalia-westcam-group-innovation-und-teamwork-899x600.jpeg 899w\" sizes=\"auto, (max-width: 1024px) 100vw, 1024px\" \/><\/figure><\/div>\n\n<div style=\"height:50px\" aria-hidden=\"true\" class=\"wp-block-spacer\"><\/div>\n\n<div class=\"wp-block-media-text is-stacked-on-mobile\"><figure class=\"wp-block-media-text__media\"><img loading=\"lazy\" decoding=\"async\" width=\"1024\" height=\"643\" src=\"https:\/\/www.westcam-group.com\/wp-content\/uploads\/2025\/02\/auxalia-westcam-group-gemeinsam-zukunft-gestalten-1024x643.jpeg\" alt=\"\" class=\"wp-image-33457 size-full\" srcset=\"https:\/\/www.westcam-group.com\/wp-content\/uploads\/2025\/02\/auxalia-westcam-group-gemeinsam-zukunft-gestalten-1024x643.jpeg 1024w, https:\/\/www.westcam-group.com\/wp-content\/uploads\/2025\/02\/auxalia-westcam-group-gemeinsam-zukunft-gestalten-300x188.jpeg 300w, https:\/\/www.westcam-group.com\/wp-content\/uploads\/2025\/02\/auxalia-westcam-group-gemeinsam-zukunft-gestalten-768x482.jpeg 768w, https:\/\/www.westcam-group.com\/wp-content\/uploads\/2025\/02\/auxalia-westcam-group-gemeinsam-zukunft-gestalten-1536x964.jpeg 1536w, https:\/\/www.westcam-group.com\/wp-content\/uploads\/2025\/02\/auxalia-westcam-group-gemeinsam-zukunft-gestalten-2048x1286.jpeg 2048w, https:\/\/www.westcam-group.com\/wp-content\/uploads\/2025\/02\/auxalia-westcam-group-gemeinsam-zukunft-gestalten-1433x900.jpeg 1433w, https:\/\/www.westcam-group.com\/wp-content\/uploads\/2025\/02\/auxalia-westcam-group-gemeinsam-zukunft-gestalten-956x600.jpeg 956w\" sizes=\"auto, (max-width: 1024px) 100vw, 1024px\" \/><\/figure><div class=\"wp-block-media-text__content\">\n<h2 class=\"wp-block-heading\">SPOLE\u010cN\u011a UTV\u00c1\u0158\u00cdME BUDOUCNOST<\/h2>\n\n\n\n<p>Spojen\u00edm sv\u00fdch odborn\u00fdch znalost\u00ed chce skupina zaujmout vedouc\u00ed postaven\u00ed jako poskytovatel \u0159e\u0161en\u00ed digit\u00e1ln\u00edch platforem v Evrop\u011b. S podporou <a href=\"https:\/\/www.sophora.de\/portfolios\/auxalia-gmbh\/\" target=\"_blank\" rel=\"noreferrer noopener\">spole\u010dnosti Sophora Unternehmerkapital GmbH<\/a> jsou tyto ambice podlo\u017eeny dlouhodob\u00fdmi rozvojov\u00fdmi c\u00edli a udr\u017eiteln\u00fdm r\u016fstem. <\/p>\n\n\n\n<p>Skupina auxalia WESTCAM &#8211; v\u00e1\u0161 partner pro udr\u017eitelnou digitalizaci v oblasti designu, v\u00fdroby, zaji\u0161t\u011bn\u00ed kvality a konstrukce v\u00fdrobk\u016f.<\/p>\n\n\n\n<p><strong>NAVRHOVAT &#8211; VYR\u00c1B\u011aT &#8211; UDR\u017dOVAT<\/strong><\/p>\n<\/div><\/div>\n\n<h2 class=\"wp-block-heading\" style=\"text-transform:none\">P\u0158EB\u00cdR\u00c1ME ODPOV\u011aDNOST &#8211; KODEX CHOV\u00c1N\u00cd<\/h2>\n\n<p>Na\u0161e p\u0159edstavenstvo a veden\u00ed spole\u010dnosti se zav\u00e1zalo k ekologicky a soci\u00e1ln\u011b odpov\u011bdn\u00e9mu \u0159\u00edzen\u00ed spole\u010dnosti prost\u0159ednictv\u00edm Kodexu chov\u00e1n\u00ed (<a href=\"https:\/\/www.westcam-group.com\/wp-content\/uploads\/2025\/07\/aWG_Code-of-Conduct-Engl.pdf\" target=\"_blank\" data-type=\"attachment\" data-id=\"40003\" rel=\"noreferrer noopener\">n\u011bmecky\/anglicky).<\/a> Rozmanitost a rovn\u00e1 pr\u00e1va jsou ned\u00edlnou sou\u010d\u00e1st\u00ed na\u0161\u00ed firemn\u00ed kultury. Podporujeme inkluzivn\u00ed kulturu a veden\u00ed a trvale usilujeme o udr\u017eitelnost. Tato sm\u011brnice rovn\u011b\u017e stanov\u00ed, \u017ee \u00faplatk\u00e1\u0159stv\u00ed a korupce jsou zak\u00e1z\u00e1ny. Stejn\u011b tak je t\u0159eba dodr\u017eovat normy poctiv\u00e9 obchodn\u00ed \u010dinnosti, poctiv\u00e9 reklamy a poctiv\u00e9 hospod\u00e1\u0159sk\u00e9 sout\u011b\u017ee. Skupina auxalia WESTCAM Group z\u0159\u00eddila v souladu se z\u00e1konem o ochran\u011b <a href=\"https:\/\/app.kenjo.io\/whistleblower\/2f273ddd9e1a44ea8d070af38a32ec8bd486b85f12c466a7c17e5f238989ae50\" data-type=\"link\" data-id=\"https:\/\/app.kenjo.io\/whistleblower\/2f273ddd9e1a44ea8d070af38a32ec8bd486b85f12c466a7c17e5f238989ae50\" target=\"_blank\" rel=\"noopener\">oznamovatel\u016f ve\u0159ejn\u011b p\u0159\u00edstupn\u00e9 st\u0159edisko pro oznamov\u00e1n\u00ed poru\u0161en\u00ed z\u00e1kona na adrese<\/a> www.westcam-group.com.<\/p>\n\n<div class=\"wp-block-group has-global-padding is-layout-constrained wp-block-group-is-layout-constrained\">\n<div style=\"height:50px\" aria-hidden=\"true\" class=\"wp-block-spacer\"><\/div>\n<\/div>\n\n<div class=\"wp-block-webx-blocks-grid has-base-color has-accent-2-background-color has-text-color has-background has-link-color wp-elements-ad595e3edf47351fad7517e90f475902 is-layout-grid wp-container-webx-blocks-grid-is-layout-5bc141e4 wp-block-webx-blocks-grid-is-layout-grid\" style=\"border-style:none;border-width:0px;border-radius:0px;margin-top:0;margin-right:0;margin-bottom:0;margin-left:0;padding-top:var(--wp--preset--spacing--40);padding-right:var(--wp--preset--spacing--40);padding-bottom:var(--wp--preset--spacing--40);padding-left:var(--wp--preset--spacing--40);--grid-columns-desktop:3;--grid-columns-tablet:2;--grid-columns-mobile:1;background-image:url(&apos;https:\/\/www.westcam-group.com\/wp-content\/uploads\/2024\/04\/grid-bottom-right.webp&apos;);background-position:100% 100%;background-repeat:no-repeat;background-size:300px;\">\n<div class=\"wp-block-webx-blocks-grid-item is-layout-flow wp-block-webx-blocks-grid-item-is-layout-flow\" style=\"--grid-area-desktop:auto \/ auto \/ auto \/ auto;--grid-area-tablet:auto \/ auto \/ auto \/ auto;--grid-area-mobile:auto \/ auto \/ auto \/ auto\">\n<p class=\"has-text-align-center has-medium-font-size\"><a href=\"http:\/\/www.auxalia.com\" target=\"_blank\" rel=\"noreferrer noopener\"><strong>www.auxalia.com<\/strong><\/a><\/p>\n<\/div>\n\n\n\n<div class=\"wp-block-webx-blocks-grid-item has-text-align-center is-layout-flow wp-block-webx-blocks-grid-item-is-layout-flow\" style=\"--grid-area-desktop:auto \/ auto \/ auto \/ auto;--grid-area-tablet:auto \/ auto \/ auto \/ auto;--grid-area-mobile:auto \/ auto \/ auto \/ auto\">\n<p class=\"has-text-align-center has-medium-font-size\"><a href=\"http:\/\/www.westcam-group.com\" target=\"_blank\" rel=\"noreferrer noopener\"><strong>www.westcam-group.com<\/strong><\/a><\/p>\n<\/div>\n\n\n\n<div class=\"wp-block-webx-blocks-grid-item is-layout-flow wp-block-webx-blocks-grid-item-is-layout-flow\" style=\"--grid-area-desktop:auto \/ auto \/ auto \/ auto;--grid-area-tablet:auto \/ auto \/ auto \/ auto;--grid-area-mobile:auto \/ auto \/ auto \/ auto\">\n<p class=\"has-text-align-center has-medium-font-size\"><a href=\"http:\/\/www.icn.nl\" target=\"_blank\" rel=\"noreferrer noopener\"><strong>www.icn.nl<\/strong><\/a><\/p>\n<\/div>\n<\/div>\n\n<div style=\"height:100px\" aria-hidden=\"true\" class=\"wp-block-spacer\"><\/div>\n\n<div class=\"wp-block-webx-blocks-grid is-layout-grid wp-container-webx-blocks-grid-is-layout-478b6e6b wp-block-webx-blocks-grid-is-layout-grid\" style=\"--grid-columns-desktop:3;--grid-columns-tablet:2;--grid-columns-mobile:1\"><\/div>\n","protected":false},"excerpt":{"rendered":"<p>3 \u0161pi\u010dkov\u00e9 zna\u010dky jako jedna skupina auxalia se s\u00eddlem v Hamburku(DE), WESTCAM v Mils\/Tyrolsku (AT) a ICN v &#8218;s-Hertogenbosch (NL). Siln\u00fd t\u00fdm p\u0159ibli\u017en\u011b 180 odborn\u00edk\u016f je v\u00e1m v\u017edy nabl\u00edzku. Siln\u00e9 zastoupen\u00ed v N\u011bmecku, Rakousku, \u0160v\u00fdcarsku, Nizozemsku, It\u00e1lii, \u010cesk\u00e9 republice a na Slovensku. Je symbolem inovac\u00ed, udr\u017eitelnosti a individu\u00e1ln\u00edho p\u0159\u00edstupu k z\u00e1kazn\u00edk\u016fm. Sdru\u017een\u00edm sv\u00fdch odborn\u00fdch znalost\u00ed [&hellip;]<\/p>\n","protected":false},"author":5,"featured_media":0,"parent":34024,"menu_order":0,"comment_status":"closed","ping_status":"closed","template":"page-no-title","meta":{"content-type":"","footnotes":""},"class_list":["post-33559","page","type-page","status-publish","hentry"],"_links":{"self":[{"href":"https:\/\/www.westcam-group.com\/cs\/wp-json\/wp\/v2\/pages\/33559","targetHints":{"allow":["GET"]}}],"collection":[{"href":"https:\/\/www.westcam-group.com\/cs\/wp-json\/wp\/v2\/pages"}],"about":[{"href":"https:\/\/www.westcam-group.com\/cs\/wp-json\/wp\/v2\/types\/page"}],"author":[{"embeddable":true,"href":"https:\/\/www.westcam-group.com\/cs\/wp-json\/wp\/v2\/users\/5"}],"replies":[{"embeddable":true,"href":"https:\/\/www.westcam-group.com\/cs\/wp-json\/wp\/v2\/comments?post=33559"}],"version-history":[{"count":6,"href":"https:\/\/www.westcam-group.com\/cs\/wp-json\/wp\/v2\/pages\/33559\/revisions"}],"predecessor-version":[{"id":42020,"href":"https:\/\/www.westcam-group.com\/cs\/wp-json\/wp\/v2\/pages\/33559\/revisions\/42020"}],"up":[{"embeddable":true,"href":"https:\/\/www.westcam-group.com\/cs\/wp-json\/wp\/v2\/pages\/34024"}],"wp:attachment":[{"href":"https:\/\/www.westcam-group.com\/cs\/wp-json\/wp\/v2\/media?parent=33559"}],"curies":[{"name":"wp","href":"https:\/\/api.w.org\/{rel}","templated":true}]}}